{"id":356,"date":"2015-04-23T12:57:21","date_gmt":"2015-04-23T12:57:21","guid":{"rendered":"http:\/\/demo1.wprentals.org\/?page_id=356"},"modified":"2025-10-14T13:52:32","modified_gmt":"2025-10-14T11:52:32","slug":"terminos-y-condiciones-2","status":"publish","type":"page","link":"https:\/\/clickestudio.com\/demohoteles\/terminos-y-condiciones-2\/","title":{"rendered":"T\u00e9rminos y Condiciones"},"content":{"rendered":"<h3 class=\"entry-title\"><span style=\"color: revert; font-size: revert; font-weight: revert;\">Quienes somos<\/span><\/h3>\n<div class=\"single-content\">\n<p>La direcci\u00f3n de nuestro sitio web es https:\/\/clickestudio.com\/.<\/p>\n<h3>Comentarios<\/h3>\n<p>Cuando los visitantes dejan comentarios en el sitio, recopilamos los datos que se muestran en el formulario de comentarios, y tambi\u00e9n la direcci\u00f3n IP del visitante y la cadena de agente de usuario del navegador para ayudar a la detecci\u00f3n de spam.<\/p>\n<p>Es posible que se proporcione al servicio Gravatar una cadena an\u00f3nima creada a partir de su direcci\u00f3n de correo electr\u00f3nico (tambi\u00e9n llamada hash) para ver si la est\u00e1 utilizando. La pol\u00edtica de privacidad del servicio Gravatar est\u00e1 disponible aqu\u00ed: https:\/\/automattic.com\/privacy\/. Despu\u00e9s de la aprobaci\u00f3n de su comentario, su foto de perfil ser\u00e1 visible para el p\u00fablico en el contexto de su comentario.<\/p>\n<h3>Medios de comunicaci\u00f3n<\/h3>\n<p>Si subes im\u00e1genes al sitio web, debes evitar subir im\u00e1genes con datos de ubicaci\u00f3n incrustados (GPS EXIF) incluidos. Los visitantes del sitio web pueden descargar y extraer cualquier dato de ubicaci\u00f3n de las im\u00e1genes del sitio web.<\/p>\n<h3>Cookies<\/h3>\n<p>Si deja un comentario en nuestro sitio, puede optar por guardar su nombre, direcci\u00f3n de correo electr\u00f3nico y sitio web en cookies. Esto es para tu comodidad para que no tengas que volver a completar tus datos cuando dejes otro comentario. Estas cookies tendr\u00e1n una duraci\u00f3n de un a\u00f1o.<\/p>\n<p>Si tiene una cuenta e inicia sesi\u00f3n en este sitio, configuraremos una cookie temporal para determinar si su navegador acepta cookies. Esta cookie no contiene datos personales y se descarta al cerrar el navegador.<\/p>\n<p>Cuando inicie sesi\u00f3n, tambi\u00e9n configuraremos varias cookies para guardar su informaci\u00f3n de inicio de sesi\u00f3n y sus opciones de visualizaci\u00f3n de pantalla. Las cookies de inicio de sesi\u00f3n duran dos d\u00edas y las cookies de opciones de pantalla duran un a\u00f1o. Si selecciona \u00abRecordarme\u00bb, su inicio de sesi\u00f3n persistir\u00e1 durante dos semanas. Si cierra sesi\u00f3n en su cuenta, se eliminar\u00e1n las cookies de inicio de sesi\u00f3n.<\/p>\n<p>Si edita o publica un art\u00edculo, se guardar\u00e1 una cookie adicional en su navegador. Esta cookie no incluye datos personales y simplemente indica el ID de la publicaci\u00f3n del art\u00edculo que acaba de editar. Caduca despu\u00e9s de 1 d\u00eda.<\/p>\n<h3>Contenido incrustado de otros sitios web<\/h3>\n<p>Los art\u00edculos de este sitio pueden incluir contenido incrustado (por ejemplo, v\u00eddeos, im\u00e1genes, art\u00edculos, etc.). El contenido incrustado de otros sitios web se comporta exactamente de la misma manera que si el visitante hubiera visitado el otro sitio web.<\/p>\n<p>Estos sitios web pueden recopilar datos sobre usted, utilizar cookies, incorporar seguimiento adicional de terceros y monitorear su interacci\u00f3n con ese contenido incrustado, incluido el seguimiento de su interacci\u00f3n con el contenido incrustado si tiene una cuenta y ha iniciado sesi\u00f3n en ese sitio web.<\/p>\n<h3>Cu\u00e1nto tiempo conservamos tus datos<\/h3>\n<p>Si deja un comentario, el comentario y sus metadatos se conservan indefinidamente. Esto es para que podamos reconocer y aprobar cualquier comentario de seguimiento autom\u00e1ticamente en lugar de mantenerlos en una cola de moderaci\u00f3n.<\/p>\n<p>Para los usuarios que se registran en nuestro sitio web (si los hay), tambi\u00e9n almacenamos la informaci\u00f3n personal que proporcionan en su perfil de usuario. Todos los usuarios pueden ver, editar o eliminar su informaci\u00f3n personal en cualquier momento (excepto que no pueden cambiar su nombre de usuario). Los administradores del sitio web tambi\u00e9n pueden ver y editar esa informaci\u00f3n.<\/p>\n<h3>Qu\u00e9 derechos tienes sobre tus datos<\/h3>\n<p>Si tiene una cuenta en este sitio o ha dejado comentarios, puede solicitar recibir un archivo exportado de los datos personales que tenemos sobre usted, incluidos los datos que nos haya proporcionado. Tambi\u00e9n puede solicitar que borremos cualquier dato personal que tengamos sobre usted. Esto no incluye ning\u00fan dato que estemos obligados a conservar con fines administrativos, legales o de seguridad.<\/p>\n<\/div>\n<p><b style=\"font-size: revert; color: initial;\">nformation<\/b><\/p>\n<p>We may collect personal identification information from Users in a variety of ways in connection with activities, services, features or resources we make available on our Site.. Users may visit our Site anonymously. We will collect personal identification information from Users only if they voluntarily submit such information to us. Users can always refuse to supply personally identification information, except that it may prevent them from engaging in certain Site related activities.<\/p>\n<p><b>Non-personal identification information<\/b><\/p>\n<p>We may collect non-personal identification information about Users whenever they interact with our Site. Non-personal identification information may include the browser name, the type of computer and technical information about Users means of connection to our Site, such as the operating system and the Internet service providers utilized and other similar information.<\/p>\n<p><b>Web browser cookies<\/b><\/p>\n<p>Our Site may use \u201ccookies\u201d to enhance User experience. User\u2019s web browser places cookies on their hard drive for record-keeping purposes and sometimes to track information about them. User may choose to set their web browser to refuse cookies, or to alert you when cookies are being sent. If they do so, note that some parts of the Site may not function properly.<\/p>\n<p><b>How we protect your information<\/b><\/p>\n<p>We adopt appropriate data collection, storage and processing practices and security measures to protect against unauthorized access, alteration, disclosure or destruction of your personal information, username, password, transaction information and data stored on our Site.<\/p>\n<p><b>Sharing your personal information<\/b><\/p>\n<p>We do not sell, trade, or rent Users personal identification information to others. We may share generic aggregated demographic information not linked to any personal identification information regarding visitors and users with our business partners, trusted affiliates and advertisers for the purposes outlined above.<\/p>\n<p><b>Changes to this privacy policy<\/b><\/p>\n<p>Real Estate WordPress Theme has the discretion to update this privacy policy at any time. When we do, we will revise the updated date at the bottom of this page. We encourage Users to frequently check this page for any changes to stay informed about how we are helping to protect the personal information we collect. You acknowledge and agree that it is your responsibility to review this privacy policy periodically and become aware of modifications.<\/p>\n<p><b>Your acceptance of these terms<\/b><\/p>\n<p>By using this Site, you signify your acceptance of this policy. If you do not agree to this policy, please do not use our Site. Your continued use of the Site following the posting of changes to this policy will be deemed your acceptance of those changes.<\/p>\n","protected":false},"excerpt":{"rendered":"<p>Quienes somos La direcci\u00f3n de nuestro sitio web es https:\/\/clickestudio.com\/. Comentarios Cuando los visitantes dejan comentarios en el sitio, recopilamos los datos que se muestran en el formulario de comentarios, y tambi\u00e9n la direcci\u00f3n IP del visitante y la cadena de agente de usuario del navegador para ayudar a la detecci\u00f3n de spam. Es posible &#8230;<\/p>\n","protected":false},"author":1,"featured_media":0,"parent":0,"menu_order":0,"comment_status":"closed","ping_status":"closed","template":"","meta":{"footnotes":""},"class_list":["post-356","page","type-page","status-publish","hentry"],"_links":{"self":[{"href":"https:\/\/clickestudio.com\/demohoteles\/wp-json\/wp\/v2\/pages\/356","targetHints":{"allow":["GET"]}}],"collection":[{"href":"https:\/\/clickestudio.com\/demohoteles\/wp-json\/wp\/v2\/pages"}],"about":[{"href":"https:\/\/clickestudio.com\/demohoteles\/wp-json\/wp\/v2\/types\/page"}],"author":[{"embeddable":true,"href":"https:\/\/clickestudio.com\/demohoteles\/wp-json\/wp\/v2\/users\/1"}],"replies":[{"embeddable":true,"href":"https:\/\/clickestudio.com\/demohoteles\/wp-json\/wp\/v2\/comments?post=356"}],"version-history":[{"count":4,"href":"https:\/\/clickestudio.com\/demohoteles\/wp-json\/wp\/v2\/pages\/356\/revisions"}],"predecessor-version":[{"id":37429,"href":"https:\/\/clickestudio.com\/demohoteles\/wp-json\/wp\/v2\/pages\/356\/revisions\/37429"}],"wp:attachment":[{"href":"https:\/\/clickestudio.com\/demohoteles\/wp-json\/wp\/v2\/media?parent=356"}],"curies":[{"name":"wp","href":"https:\/\/api.w.org\/{rel}","templated":true}]}}